{"id":116,"date":"2025-09-16T13:14:50","date_gmt":"2025-09-16T11:14:50","guid":{"rendered":"https:\/\/evykonyvei.hu\/?page_id=116"},"modified":"2025-09-16T13:32:21","modified_gmt":"2025-09-16T11:32:21","slug":"ot-kismalac","status":"publish","type":"page","link":"https:\/\/evykonyvei.hu\/?page_id=116","title":{"rendered":"\u00d6t kismalac"},"content":{"rendered":"\n<div class=\"wp-block-columns is-layout-flex wp-container-core-columns-is-layout-9d6595d7 wp-block-columns-is-layout-flex\">\n<div class=\"wp-block-column is-layout-flow wp-block-column-is-layout-flow\" style=\"flex-basis:33.33%\">\n<figure class=\"wp-block-image size-full\"><img loading=\"lazy\" decoding=\"async\" width=\"306\" height=\"500\" src=\"https:\/\/evykonyvei.hu\/wp-content\/uploads\/2025\/09\/otkismalac.jpg\" alt=\"\" class=\"wp-image-105\" srcset=\"https:\/\/evykonyvei.hu\/wp-content\/uploads\/2025\/09\/otkismalac.jpg 306w, https:\/\/evykonyvei.hu\/wp-content\/uploads\/2025\/09\/otkismalac-184x300.jpg 184w\" sizes=\"auto, (max-width: 306px) 100vw, 306px\" \/><\/figure>\n<\/div>\n\n\n\n<div class=\"wp-block-column is-layout-flow wp-block-column-is-layout-flow\" style=\"flex-basis:66.66%\">\n<p><strong>Agatha Christie: \u00d6t kismalac<\/strong><\/p>\n\n\n\n<p><br>\u201e\u2013 Kedv\u00e9t lelheti az ember az igazs\u00e1g keres\u00e9s\u00e9ben puszt\u00e1n mag\u00e1\u00e9rt az igazs\u00e1g\u00e9rt is.\u201d<br>\u201eEgy kismalac piacra j\u00e1rt,<br>Egy kismalac meg otthon \u00fclt,<br>Egy kismalac sok h\u00fast evett,<br>Egy kismalac hoppon maradt,<br>Egy kismalac vis\u00edt nagyot: uiii uiii \u00e9hes vagyok!\u201d<br>A Krimi Kir\u00e1lyn\u0151j\u00e9nek k\u00f6nyvei k\u00f6z\u00fcl a legjobbak k\u00f6z\u00fcl val\u00f3, az \u00e9n meg\u00edt\u00e9l\u00e9sem szerint.<br>\u00c9n egy 1973-as kiad\u00e1st olvastam, amit Sz\u00edjgy\u00e1rt\u00f3 L\u00e1szl\u00f3 ford\u00edtott nagy megel\u00e9ged\u00e9semre, kiv\u00e1l\u00f3an.<br>Szeretem m\u00e9g azt is, hogy Agatha Christie mindig belevisz n\u00e9mi sz\u00e9pirodalmat a m\u0171veibe. Eml\u00edt klasszikusokat, id\u00e9z verseket. Itt Plat\u00f3n Phaid\u00f3nj\u00e1b\u00f3l eml\u00edt egy r\u00e9szt, utal Shakespeare Romeo \u00e9s J\u00fali\u00e1j\u00e1ra, valamit az Othello-ra, valamint Maugham: Az \u00f6rd\u00f6g sarkanty\u00faja c\u00edm\u0171 k\u00f6nyv\u00e9re is. Ezek mindig emelik egy k\u00f6nyv sz\u00ednvonal\u00e1t, m\u00e9g ha egy<br>sz\u00f3rakoztat\u00f3 krimir\u0151l is van sz\u00f3 csup\u00e1n.<br>M\u00e1r maga a t\u00f6rt\u00e9net sem szokv\u00e1nyos. Egy tizenhat \u00e9vvel azel\u0151tti gyilkoss\u00e1g tiszt\u00e1z\u00e1s\u00e1ra k\u00e9ri fel Poirot-t a gyilkoss\u00e1g\u00e9rt el\u00edt\u00e9lt asszony l\u00e1nya. Nem mellesleg az \u00e1ldozat a l\u00e1ny \u00e9desapja Amyas Crale, a h\u00edres fest\u0151 volt.<br>Poirot kis \u00f3dzkod\u00e1s ut\u00e1n v\u00e1llalja, hogy kider\u00edti ki volt a val\u00f3di elk\u00f6vet\u0151, vajon igazat \u00e1ll\u00edtott-e Caroline Crale, mikor a hal\u00e1los \u00e1gy\u00e1n azt \u00edrta le\u00e1ny\u00e1nak, nem volt b\u0171n\u00f6s<br>\u00e9desapja megm\u00e9rgez\u00e9s\u00e9ben?<br>Poirot itt is zseni\u00e1lisan j\u00e1r el, mint mindig, hogy az igazs\u00e1got kider\u00edthesse.<br>\u00d6t szem\u00e9ly j\u00f6het sz\u00f3ba, mint potenci\u00e1lis elk\u00f6vet\u0151, hiszen Caroline-on \u00e9s f\u00e9rj\u00e9n k\u00edv\u00fcl csak \u00f6ten tart\u00f3zkodtak ekkor a birtokon. Az \u00f6t kismalac, ahogy Poirot egy ismert gyerekversik\u00e9re asszoci\u00e1l.<br>(A csel\u00e9dek meg a biod\u00edszlet szerepk\u00f6rbe szorulnak most is, mint a legt\u00f6bb esetben A.C. k\u00f6nyveiben. Hi\u00e1ba, \u0151 m\u00e1r csak az arisztokrat\u00e1kr\u00f3l \u00edrt legsz\u00edvesebben, ez\u00e9rt meglehet\u0151sen sznobnak tartom \u0151t, teh\u00e1t a lelkem m\u00e9ly\u00e9n ott lapul egy kis szocialista.)<br>Detekt\u00edv\u00fcnk mind az \u00f6t szem\u00e9lyt a megfelel\u0151 m\u00f3don k\u00f6zel\u00edti meg \u00e9s \u00edgy mindannyiukat sz\u00f3ra b\u00edrja. Term\u00e9szetesen csak az ut\u00e1n, miut\u00e1n kifaggatta a per v\u00e9d\u0151j\u00e9t, az \u00fcgy\u00e9szt, a csal\u00e1d \u00fcgyv\u00e9dj\u00e9t \u00e9s az \u00fcgyben egykor nyomoz\u00f3 rend\u0151r-f\u0151fel\u00fcgyel\u0151t. Hiszen rend a lelke mindennek!<br>\u00c9n egy cseppet sem untam azt, hogy \u00fajra \u00e9s \u00fajra ugyanazt a t\u00f6rt\u00e9netet olvastam el m\u00e1s \u00e9s m\u00e1s n\u00e9z\u0151pontb\u00f3l. Poirot-n k\u00edv\u00fcl engem is nagyon \u00e9rdekel \u00e9s elgondolkodtat m\u00e1sok<br>jelleme \u00e9s az ebb\u0151l fakad\u00f3 pszichol\u00f3giai vizsg\u00e1l\u00f3d\u00e1s.<br>(Itt szeretn\u00e9m megjegyezni, hogy Agatha Christie: Poirot c\u00edmmel k\u00e9sz\u00fclt egy zseni\u00e1lis TV-sorozat az \u00edr\u00f3n\u0151 azon reg\u00e9nyeib\u0151l, melyekben a kis belga detekt\u00edv nyomoz. A<br>f\u0151szerepl\u0151 David Suchet nekem akkor is Poirot marad, ha a bajsza nem olyan, mint az a reg\u00e9nyekben szerepel, viszont az alak\u00edt\u00e1sa meggy\u0151z\u0151 \u00e9s mag\u00e1val ragad\u00f3.<br>A sorozat ellen az\u00e9rt van k\u00e9t nagy kifog\u00e1som. Az els\u0151, hogy a polkorrekts\u00e9g miatt folyamatosan beleillesztenek valami sz\u00ednesb\u0151r\u0171 egy\u00e9nt, vagy az egyik szerepl\u0151 szexu\u00e1lis identit\u00e1s\u00e1t v\u00e1ltoztatj\u00e1k meg. Enn\u00e9l a r\u00e9szn\u00e9l ez ut\u00f3bbi t\u00f6rt\u00e9nt, szerencs\u00e9re, b\u00e1rmilyen ideges\u00edt\u0151 is az ilyesmi, a cselekm\u00e9nyen nem v\u00e1ltoztattak legal\u00e1bb. A m\u00e1sik,<br>hogy \u00e1t\u00edrj\u00e1k a cselekm\u00e9nyt, ami idegborzol\u00f3.<br>Mivel l\u00e1ttam ezt a sorozatot, ebben az esetben m\u00e1r tudtam, hogy ki b\u0171n\u00f6s \u00e9s ki nem.)<\/p>\n\n\n\n<p>Ami\u00e9rt ezt a reg\u00e9nyt m\u00e9g kiv\u00e1l\u00f3nak tartom az az, hogy logikus \u00e9sszel k\u00f6nnyen ki is tal\u00e1lhatjuk a megold\u00e1st, hiszen minden sz\u00fcks\u00e9ges inform\u00e1ci\u00f3 a rendelkez\u00e9s\u00fcnkre \u00e1ll a<br>megfejt\u00e9shez. \u00c9n m\u00e9gsem \u00e9reztem a magabiztoss\u00e1got akkor, mikor Poirot m\u00e1r mindent tudott.<br>Amyas Crale \u00e9s Caroline nem \u00e9ltek \u00e9ppen p\u00e9ld\u00e1s csal\u00e1di \u00e9letet, minden Amyas szenved\u00e9ly\u00e9nek, a fest\u00e9szetnek volt al\u00e1rendelve. \u00c9s Amyas gyakran mer\u00edtett ihletet csinos h\u00f6lgyekb\u0151l, akiket egy id\u0151re a szeret\u0151j\u00e9v\u00e9 tett. Caroline pedig ezt elt\u0171rte. De tal\u00e1n csak egy bizonyos pontig. Tal\u00e1n m\u00e9gis \u0151 tette? Vagy Amyas \u00f6ngyilkos lett volna, ahogy<br>Caroline a per alatt \u00e1ll\u00edtotta?<br>Vagy tal\u00e1n Philip Blake, aki Amyas legjobb bar\u00e1tja volt, de Caroline-t ki nem \u00e1llhatta; a kismalac, aki piacra j\u00e1r?<br>Esetleg a testv\u00e9re, Meredith (azt hittem ez n\u0151i n\u00e9v) Blake, aki nagyon bizonytalan emberk\u00e9nt a botanik\u00e1ba menek\u00fclt, \u00e9s \u0151 \u00e1ll\u00edtotta el\u0151 a m\u00e9rget, ami v\u00e9gzett gyermekkori<br>bar\u00e1tj\u00e1val Amyassal; a kismalac, aki otthon \u00fclt?<br>Vagy Elssa Greer, a festm\u00e9ny modellje, akinek Amyas h\u00e1zass\u00e1got \u00edg\u00e9rt \u00e9s \u0151 ezt nem is titkolta el Caroline el\u0151l; a kismalac, aki sok h\u00fast evett?<br>Net\u00e1n Miss Cecilia Williams, aki akkort\u00e1jt Caroline h\u00fag\u00e1nak Angel\u00e1nak nevel\u0151n\u0151jek\u00e9nt akaratlanul is szem \u00e9s f\u00fcltan\u00faja volt az esem\u00e9nyeknek \u00e9s bevallottan nem kedvelte<br>Amyas Cralet; a kismalac, aki hoppon maradt?<br>Vagy Caroline h\u00faga, Angela Warren, akit Caroline kamaszos f\u00e9lt\u00e9kenys\u00e9gi roham\u00e1ban egy pap\u00edrnehez\u00e9kkel egy \u00e9letre megnyomor\u00edtott; a kismalac, aki vis\u00edt?<br>Ha elolvass\u00e1tok, megtudj\u00e1tok! \uf04a<\/p>\n<\/div>\n<\/div>\n","protected":false},"excerpt":{"rendered":"<p>Agatha Christie: \u00d6t kismalac \u201e\u2013 Kedv\u00e9t lelheti az ember az igazs\u00e1g keres\u00e9s\u00e9ben puszt\u00e1n mag\u00e1\u00e9rt az igazs\u00e1g\u00e9rt is.\u201d\u201eEgy kismalac piacra j\u00e1rt,Egy kismalac meg otthon \u00fclt,Egy kismalac sok h\u00fast evett,Egy kismalac hoppon maradt,Egy kismalac vis\u00edt nagyot: uiii uiii \u00e9hes vagyok!\u201dA Krimi Kir\u00e1lyn\u0151j\u00e9nek k\u00f6nyvei k\u00f6z\u00fcl a legjobbak k\u00f6z\u00fcl val\u00f3, az \u00e9n meg\u00edt\u00e9l\u00e9sem szerint.\u00c9n egy 1973-as kiad\u00e1st olvastam, amit [&hellip;]<\/p>\n","protected":false},"author":1,"featured_media":0,"parent":0,"menu_order":0,"comment_status":"closed","ping_status":"closed","template":"","meta":{"footnotes":""},"class_list":["post-116","page","type-page","status-publish","hentry","post"],"_links":{"self":[{"href":"https:\/\/evykonyvei.hu\/index.php?rest_route=\/wp\/v2\/pages\/116","targetHints":{"allow":["GET"]}}],"collection":[{"href":"https:\/\/evykonyvei.hu\/index.php?rest_route=\/wp\/v2\/pages"}],"about":[{"href":"https:\/\/evykonyvei.hu\/index.php?rest_route=\/wp\/v2\/types\/page"}],"author":[{"embeddable":true,"href":"https:\/\/evykonyvei.hu\/index.php?rest_route=\/wp\/v2\/users\/1"}],"replies":[{"embeddable":true,"href":"https:\/\/evykonyvei.hu\/index.php?rest_route=%2Fwp%2Fv2%2Fcomments&post=116"}],"version-history":[{"count":4,"href":"https:\/\/evykonyvei.hu\/index.php?rest_route=\/wp\/v2\/pages\/116\/revisions"}],"predecessor-version":[{"id":123,"href":"https:\/\/evykonyvei.hu\/index.php?rest_route=\/wp\/v2\/pages\/116\/revisions\/123"}],"wp:attachment":[{"href":"https:\/\/evykonyvei.hu\/index.php?rest_route=%2Fwp%2Fv2%2Fmedia&parent=116"}],"curies":[{"name":"wp","href":"https:\/\/api.w.org\/{rel}","templated":true}]}}