{"id":78,"date":"2025-09-16T11:54:28","date_gmt":"2025-09-16T09:54:28","guid":{"rendered":"https:\/\/evykonyvei.hu\/?page_id=78"},"modified":"2025-09-16T12:50:01","modified_gmt":"2025-09-16T10:50:01","slug":"a-legjobb-konyvek","status":"publish","type":"page","link":"https:\/\/evykonyvei.hu\/?page_id=78","title":{"rendered":"Agatha Christie: T\u00edz kicsi n\u00e9ger"},"content":{"rendered":"\n<div class=\"wp-block-columns is-layout-flex wp-container-core-columns-is-layout-9d6595d7 wp-block-columns-is-layout-flex\">\n<div class=\"wp-block-column is-layout-flow wp-block-column-is-layout-flow\">\n<figure class=\"wp-block-image size-full\"><img loading=\"lazy\" decoding=\"async\" width=\"305\" height=\"500\" src=\"https:\/\/evykonyvei.hu\/wp-content\/uploads\/2025\/09\/tizkicsineger.jpg\" alt=\"\" class=\"wp-image-84\" srcset=\"https:\/\/evykonyvei.hu\/wp-content\/uploads\/2025\/09\/tizkicsineger.jpg 305w, https:\/\/evykonyvei.hu\/wp-content\/uploads\/2025\/09\/tizkicsineger-183x300.jpg 183w\" sizes=\"auto, (max-width: 305px) 100vw, 305px\" \/><\/figure>\n\n\n\n<p><\/p>\n<\/div>\n\n\n\n<div class=\"wp-block-column is-layout-flow wp-block-column-is-layout-flow\">\n<p class=\"has-medium-font-size\"><strong>Agatha Christie: T\u00edz kicsi n\u00e9ger<\/strong><\/p>\n\n\n\n<p class=\"has-medium-font-size\"><br>\u201eA T\u00edz kicsi n\u00e9ger a legn\u00e9pszer\u0171bb k\u00f6nyve, 100 milli\u00f3s eladott p\u00e9ld\u00e1nysz\u00e1mmal, amivel<br>ez a legkeresettebb krimi \u00e9s egyike a vil\u00e1g legt\u00f6bbsz\u00f6r \u00e9rt\u00e9kes\u00edtett k\u00f6nyveinek.\u201d<br>charvari.blog.hu<br>\u201e\u00c9s az \u0151r\u00fclt mindig el\u0151nyben van. K\u00e9tszer olyan agyaf\u00fart, mint egy norm\u00e1lis ember.\u201d<br>&#8222;T\u00edz kicsi n\u00e9ger \u00e9hes lett egyszer; s vacsor\u00e1zni ment,<br>Egyik rosszul nyelt, megfulladt, s megmaradt kilenc.<br>Kilenc kicsi n\u00e9ger k\u00e9s\u0151n fek\u00fcdt le, s rosszat \u00e1lmodott,<br>Egy el is aludt m\u00e1snap, s nem maradt, csak nyolc.<br>Nyolc kicsi n\u00e9ger s\u00e9t\u00e1ra ment egy sz\u00e9p kis szigeten,<br>Egy ott is maradt \u00f6r\u00f6kre, s \u00edgy lettek heten.<br>H\u00e9t kicsi n\u00e9ger t\u0171zif\u00e1t apr\u00edt, gy\u00fajt\u00f3st hasogat,<br>Egyik mag\u00e1t v\u00e1gta kett\u00e9, s m\u00e1r csak hat maradt.<br>Hat kicsi n\u00e9ger j\u00e1tszadozik a kapt\u00e1rok k\u00f6z\u00f6tt,<br>Egyet megcs\u00edp egy kis m\u00e9h, \u00e9s nem marad, csak \u00f6t.<br>\u00d6t kicsi n\u00e9ger tanulgatja a t\u00f6rv\u00e9ny bet\u0171j\u00e9t,<br>Egyik b\u00edr\u00f3 lesz a v\u00e9g\u00e9n, s marad, csak n\u00e9gy.<br>N\u00e9gy kicsi n\u00e9ger tengerre sz\u00e1ll, \u00e9s egy piros lazac<br>Egyet l\u00e9pre csal, bekapja, s csak h\u00e1rom marad.<br>H\u00e1rom kicsi n\u00e9ger \u00e1llatkertben j\u00e1r, egy nagy medve j\u0151,<br>Egyet kebl\u00e9re \u00f6lel, \u00e9s \u00edgy marad kett\u0151.<br>K\u00e9t kicsi n\u00e9ger ki\u00fcl a napra s s\u00fctk\u00e9rezni kezd,<br>Egyik pecseny\u00e9v\u00e9 s\u00fcl \u00e9s nem marad, csak egy.<br>Egy kicsi n\u00e9ger mag\u00e1ra hagyva, \u00e1rv\u00e1n t\u00e9nfereg,<br>Felk\u00f6ti mag\u00e1t, \u00e9s v\u00e9ge is, mert t\u00f6bben nincsenek.&#8221;<\/p>\n\n\n\n<p class=\"has-medium-font-size\"><br>Rem\u00e9nykedem benne, nagyon rem\u00e9nykedem, hogy a PC nev\u00e9ben nem fognak \u00faj nevet adni ennek a remek kriminek! Ez a k\u00f6nyv \u00fagy j\u00f3, ahogy van.<br>Agatha Christie egyik ismert \u00e9s egy\u00e9ni jellegzetess\u00e9ge, hogy gyermekversik\u00e9k,<br>kisz\u00e1mol\u00f3k ihlette gyilkoss\u00e1gok, vagy gyilkoss\u00e1gsorozatok szerepelnek n\u00e9mely krimij\u00e9ben. Azt gondolom, hogy ez az egyik legjobban siker\u00fclt mind k\u00f6z\u00fcl! Ebben egyik, \u00e1ltala kital\u00e1lt detekt\u00edv sem szerepel, nem egy Miss Marple, vagy Poirot t\u00f6rt\u00e9net. \u00c9ppen szokatlans\u00e1g\u00e1ban olyan eredeti \u00e9s leny\u0171g\u00f6z\u0151! A N\u00e9ger sziget, egy szikl\u00e1s sziget, ahov\u00e1 egy k\u00fcl\u00f6nc milliomos pazar vill\u00e1t \u00e9p\u00edttet. Egy napon eladj\u00e1k, de az \u00faj tulajdonos szem\u00e9ly\u00e9t hom\u00e1ly fedi. A pletykalapokban sorra jelennek meg a tal\u00e1lgat\u00e1sok, hogy ki v\u00e1s\u00e1rolhatta meg a szigetet, de semmi biztosat nem lehet tudni ezzel kapcsolatban.<br>A rejt\u00e9ly szinte mindenkit foglalkoztat.<br>\u00c9s erre a titokzatos szigetre t\u00edz ember kap megh\u00edv\u00e1st. T\u00edz, igaz\u00e1n k\u00fcl\u00f6nb\u00f6z\u0151<br>ember, akiknek l\u00e1tsz\u00f3lag semmi k\u00f6z\u00fck sincs egym\u00e1shoz.<\/p>\n\n\n\n<p class=\"has-medium-font-size\">Vagy tal\u00e1n m\u00e9gis.<br>Vajon mi k\u00f6ti \u00f6ssze ezt a t\u00edz embert?<br>Mikor der\u00fcl ki, hogy ki\u00e9 a sziget \u00e9s vajon mi a c\u00e9lja ennek a t\u00e1rsas\u00e1gi<br>\u00f6sszej\u00f6vetelnek?<br>Mire k\u00e9pes a f\u00e9lelem, ha fel\u00fcti a fej\u00e9t vadidegen emberek k\u00f6z\u00f6tt?<br>Elk\u00e9peszt\u0151en \u00e9rdekes, izgalmas \u00e9s fesz\u00fclts\u00e9ggel teli ez a t\u00f6rt\u00e9net, szinte<br>letehetetlen!<br>Sz\u00e1momra a karakterek k\u00fcl\u00f6nf\u00e9le reakci\u00f3i voltak a leg\u00e9rdekesebbek, hogy<br>melyik\u00fckn\u00e9l mikor jelenik meg a f\u00e9lelem \u00e9s milyen hat\u00e1st gyakorol r\u00e1juk.<br>Az benne a legjobb, hogy ak\u00e1r igaz is lehetne.<br>Sok ilyen j\u00f3 k\u00f6nyvet szeretn\u00e9k m\u00e9g olvasni, minden percet meg\u00e9rt, amit<br>r\u00e1sz\u00e1ntam! \uf04a<\/p>\n<\/div>\n<\/div>\n","protected":false},"excerpt":{"rendered":"<p>Agatha Christie: T\u00edz kicsi n\u00e9ger \u201eA T\u00edz kicsi n\u00e9ger a legn\u00e9pszer\u0171bb k\u00f6nyve, 100 milli\u00f3s eladott p\u00e9ld\u00e1nysz\u00e1mmal, amivelez a legkeresettebb krimi \u00e9s egyike a vil\u00e1g legt\u00f6bbsz\u00f6r \u00e9rt\u00e9kes\u00edtett k\u00f6nyveinek.\u201dcharvari.blog.hu\u201e\u00c9s az \u0151r\u00fclt mindig el\u0151nyben van. K\u00e9tszer olyan agyaf\u00fart, mint egy norm\u00e1lis ember.\u201d&#8222;T\u00edz kicsi n\u00e9ger \u00e9hes lett egyszer; s vacsor\u00e1zni ment,Egyik rosszul nyelt, megfulladt, s megmaradt kilenc.Kilenc kicsi n\u00e9ger [&hellip;]<\/p>\n","protected":false},"author":1,"featured_media":0,"parent":0,"menu_order":0,"comment_status":"closed","ping_status":"closed","template":"","meta":{"footnotes":""},"class_list":["post-78","page","type-page","status-publish","hentry","post"],"_links":{"self":[{"href":"https:\/\/evykonyvei.hu\/index.php?rest_route=\/wp\/v2\/pages\/78","targetHints":{"allow":["GET"]}}],"collection":[{"href":"https:\/\/evykonyvei.hu\/index.php?rest_route=\/wp\/v2\/pages"}],"about":[{"href":"https:\/\/evykonyvei.hu\/index.php?rest_route=\/wp\/v2\/types\/page"}],"author":[{"embeddable":true,"href":"https:\/\/evykonyvei.hu\/index.php?rest_route=\/wp\/v2\/users\/1"}],"replies":[{"embeddable":true,"href":"https:\/\/evykonyvei.hu\/index.php?rest_route=%2Fwp%2Fv2%2Fcomments&post=78"}],"version-history":[{"count":11,"href":"https:\/\/evykonyvei.hu\/index.php?rest_route=\/wp\/v2\/pages\/78\/revisions"}],"predecessor-version":[{"id":115,"href":"https:\/\/evykonyvei.hu\/index.php?rest_route=\/wp\/v2\/pages\/78\/revisions\/115"}],"wp:attachment":[{"href":"https:\/\/evykonyvei.hu\/index.php?rest_route=%2Fwp%2Fv2%2Fmedia&parent=78"}],"curies":[{"name":"wp","href":"https:\/\/api.w.org\/{rel}","templated":true}]}}